{"id":79,"date":"2022-08-11T15:19:00","date_gmt":"2022-08-11T15:19:00","guid":{"rendered":"http:\/\/salvemhortalleida.cat\/?page_id=79"},"modified":"2022-08-17T13:41:46","modified_gmt":"2022-08-17T13:41:46","slug":"mat-alcarras-lleida","status":"publish","type":"page","link":"https:\/\/salvemhortalleida.cat\/?page_id=79","title":{"rendered":"MAT Alcarr\u00e1s Lleida"},"content":{"rendered":"\n<p><a rel=\"noreferrer noopener\" href=\"https:\/\/www.boe.es\/diario_boe\/txt.php?id=BOE-B-2021-48660\" target=\"_blank\">BOE n\u00fam. 285, de 29 de noviembre de 2021, p\u00e1ginas 70030 a 70035<\/a><\/p>\n\n\n\n<p>Anuncio de los Servicios Territoriales del Departamento de Acci\u00f3n Clim\u00e1tica, Alimentaci\u00f3n y Agenda Rural en Lleida, por el cual se somete a informaci\u00f3n p\u00fablica la solicitud de autorizaci\u00f3n administrativa previa y de construcci\u00f3n, declaraci\u00f3n de utilidad p\u00fablica, autorizaci\u00f3n del proyecto de actuaci\u00f3n espec\u00edfica de inter\u00e9s p\u00fablico en suelo no urbanizable y evaluaci\u00f3n de impacto ambiental del proyecto de la PSF VOLANS SOLAR 1 de 49.97 MWp sobre terreno, y su infraestructura de evacuaci\u00f3n, en los t\u00e9rminos municipales de Alcarr\u00e0s, Albat\u00e0rrec y Lleida, en la provincia de Lleida<\/p>\n\n\n\n<div class=\"wp-block-columns is-layout-flex wp-container-core-columns-is-layout-9d6595d7 wp-block-columns-is-layout-flex\">\n<div class=\"wp-block-column is-layout-flow wp-block-column-is-layout-flow\"><\/div>\n<\/div>\n\n\n\n<p><\/p>\n","protected":false},"excerpt":{"rendered":"<p>BOE n\u00fam. 285, de 29 de noviembre de 2021, p\u00e1ginas 70030 a 70035 Anuncio de los Servicios Territoriales del Departamento de Acci\u00f3n Clim\u00e1tica, Alimentaci\u00f3n y Agenda Rural en Lleida, por el cual se somete a informaci\u00f3n p\u00fablica la solicitud de autorizaci\u00f3n administrativa previa y de construcci\u00f3n, declaraci\u00f3n de utilidad p\u00fablica, autorizaci\u00f3n del proyecto de actuaci\u00f3n&hellip; <a class=\"more-link\" href=\"https:\/\/salvemhortalleida.cat\/?page_id=79\">Continueu llegint <span class=\"screen-reader-text\">MAT Alcarr\u00e1s Lleida<\/span><\/a><\/p>\n","protected":false},"author":1,"featured_media":0,"parent":0,"menu_order":0,"comment_status":"closed","ping_status":"closed","template":"","meta":{"footnotes":""},"class_list":["post-79","page","type-page","status-publish","hentry","entry"],"yoast_head":"<!-- This site is optimized with the Yoast SEO plugin v27.4 - https:\/\/yoast.com\/product\/yoast-seo-wordpress\/ -->\n<title>MAT Alcarr\u00e1s Lleida - Salvem l&#039;Horta de Lleida<\/title>\n<meta name=\"robots\" content=\"index, follow, max-snippet:-1, max-image-preview:large, max-video-preview:-1\" \/>\n<link rel=\"canonical\" href=\"https:\/\/salvemhortalleida.cat\/?page_id=79\" \/>\n<meta property=\"og:locale\" content=\"ca_ES\" \/>\n<meta property=\"og:type\" content=\"article\" \/>\n<meta property=\"og:title\" content=\"MAT Alcarr\u00e1s Lleida - Salvem l&#039;Horta de Lleida\" \/>\n<meta property=\"og:description\" content=\"BOE n\u00fam. 285, de 29 de noviembre de 2021, p\u00e1ginas 70030 a 70035 Anuncio de los Servicios Territoriales del Departamento de Acci\u00f3n Clim\u00e1tica, Alimentaci\u00f3n y Agenda Rural en Lleida, por el cual se somete a informaci\u00f3n p\u00fablica la solicitud de autorizaci\u00f3n administrativa previa y de construcci\u00f3n, declaraci\u00f3n de utilidad p\u00fablica, autorizaci\u00f3n del proyecto de actuaci\u00f3n&hellip; Continueu llegint MAT Alcarr\u00e1s Lleida\" \/>\n<meta property=\"og:url\" content=\"https:\/\/salvemhortalleida.cat\/?page_id=79\" \/>\n<meta property=\"og:site_name\" content=\"Salvem l&#039;Horta de Lleida\" \/>\n<meta property=\"article:publisher\" content=\"https:\/\/www.facebook.com\/profile.php?id=100084390865993\" \/>\n<meta property=\"article:modified_time\" content=\"2022-08-17T13:41:46+00:00\" \/>\n<meta name=\"twitter:card\" content=\"summary_large_image\" \/>\n<meta name=\"twitter:site\" content=\"@Slvmhortalleida\" \/>\n<meta name=\"twitter:label1\" content=\"Temps estimat de lectura\" \/>\n\t<meta name=\"twitter:data1\" content=\"1 minut\" \/>\n<script type=\"application\/ld+json\" class=\"yoast-schema-graph\">{\"@context\":\"https:\\\/\\\/schema.org\",\"@graph\":[{\"@type\":\"WebPage\",\"@id\":\"https:\\\/\\\/salvemhortalleida.cat\\\/?page_id=79\",\"url\":\"https:\\\/\\\/salvemhortalleida.cat\\\/?page_id=79\",\"name\":\"MAT Alcarr\u00e1s Lleida - Salvem l&#039;Horta de Lleida\",\"isPartOf\":{\"@id\":\"https:\\\/\\\/salvemhortalleida.cat\\\/#website\"},\"datePublished\":\"2022-08-11T15:19:00+00:00\",\"dateModified\":\"2022-08-17T13:41:46+00:00\",\"breadcrumb\":{\"@id\":\"https:\\\/\\\/salvemhortalleida.cat\\\/?page_id=79#breadcrumb\"},\"inLanguage\":\"ca\",\"potentialAction\":[{\"@type\":\"ReadAction\",\"target\":[\"https:\\\/\\\/salvemhortalleida.cat\\\/?page_id=79\"]}]},{\"@type\":\"BreadcrumbList\",\"@id\":\"https:\\\/\\\/salvemhortalleida.cat\\\/?page_id=79#breadcrumb\",\"itemListElement\":[{\"@type\":\"ListItem\",\"position\":1,\"name\":\"Inici\",\"item\":\"https:\\\/\\\/salvemhortalleida.cat\\\/\"},{\"@type\":\"ListItem\",\"position\":2,\"name\":\"MAT Alcarr\u00e1s Lleida\"}]},{\"@type\":\"WebSite\",\"@id\":\"https:\\\/\\\/salvemhortalleida.cat\\\/#website\",\"url\":\"https:\\\/\\\/salvemhortalleida.cat\\\/\",\"name\":\"Salvem l&#039;Horta de Lleida\",\"description\":\"Es salvar Lleida !!!\",\"publisher\":{\"@id\":\"https:\\\/\\\/salvemhortalleida.cat\\\/#organization\"},\"potentialAction\":[{\"@type\":\"SearchAction\",\"target\":{\"@type\":\"EntryPoint\",\"urlTemplate\":\"https:\\\/\\\/salvemhortalleida.cat\\\/?s={search_term_string}\"},\"query-input\":{\"@type\":\"PropertyValueSpecification\",\"valueRequired\":true,\"valueName\":\"search_term_string\"}}],\"inLanguage\":\"ca\"},{\"@type\":\"Organization\",\"@id\":\"https:\\\/\\\/salvemhortalleida.cat\\\/#organization\",\"name\":\"Salvem l'Horta de Lleida\",\"url\":\"https:\\\/\\\/salvemhortalleida.cat\\\/\",\"logo\":{\"@type\":\"ImageObject\",\"inLanguage\":\"ca\",\"@id\":\"https:\\\/\\\/salvemhortalleida.cat\\\/#\\\/schema\\\/logo\\\/image\\\/\",\"url\":\"http:\\\/\\\/salvemhortalleida.cat\\\/wp-content\\\/uploads\\\/2022\\\/08\\\/cropped-WhatsApp-Image-2022-07-28-at-11.19.36.jpeg\",\"contentUrl\":\"http:\\\/\\\/salvemhortalleida.cat\\\/wp-content\\\/uploads\\\/2022\\\/08\\\/cropped-WhatsApp-Image-2022-07-28-at-11.19.36.jpeg\",\"width\":512,\"height\":512,\"caption\":\"Salvem l'Horta de Lleida\"},\"image\":{\"@id\":\"https:\\\/\\\/salvemhortalleida.cat\\\/#\\\/schema\\\/logo\\\/image\\\/\"},\"sameAs\":[\"https:\\\/\\\/www.facebook.com\\\/profile.php?id=100084390865993\",\"https:\\\/\\\/x.com\\\/Slvmhortalleida\",\"https:\\\/\\\/www.instagram.com\\\/salvemhortalleida\\\/\"]}]}<\/script>\n<!-- \/ Yoast SEO plugin. -->","yoast_head_json":{"title":"MAT Alcarr\u00e1s Lleida - Salvem l&#039;Horta de Lleida","robots":{"index":"index","follow":"follow","max-snippet":"max-snippet:-1","max-image-preview":"max-image-preview:large","max-video-preview":"max-video-preview:-1"},"canonical":"https:\/\/salvemhortalleida.cat\/?page_id=79","og_locale":"ca_ES","og_type":"article","og_title":"MAT Alcarr\u00e1s Lleida - Salvem l&#039;Horta de Lleida","og_description":"BOE n\u00fam. 285, de 29 de noviembre de 2021, p\u00e1ginas 70030 a 70035 Anuncio de los Servicios Territoriales del Departamento de Acci\u00f3n Clim\u00e1tica, Alimentaci\u00f3n y Agenda Rural en Lleida, por el cual se somete a informaci\u00f3n p\u00fablica la solicitud de autorizaci\u00f3n administrativa previa y de construcci\u00f3n, declaraci\u00f3n de utilidad p\u00fablica, autorizaci\u00f3n del proyecto de actuaci\u00f3n&hellip; Continueu llegint MAT Alcarr\u00e1s Lleida","og_url":"https:\/\/salvemhortalleida.cat\/?page_id=79","og_site_name":"Salvem l&#039;Horta de Lleida","article_publisher":"https:\/\/www.facebook.com\/profile.php?id=100084390865993","article_modified_time":"2022-08-17T13:41:46+00:00","twitter_card":"summary_large_image","twitter_site":"@Slvmhortalleida","twitter_misc":{"Temps estimat de lectura":"1 minut"},"schema":{"@context":"https:\/\/schema.org","@graph":[{"@type":"WebPage","@id":"https:\/\/salvemhortalleida.cat\/?page_id=79","url":"https:\/\/salvemhortalleida.cat\/?page_id=79","name":"MAT Alcarr\u00e1s Lleida - Salvem l&#039;Horta de Lleida","isPartOf":{"@id":"https:\/\/salvemhortalleida.cat\/#website"},"datePublished":"2022-08-11T15:19:00+00:00","dateModified":"2022-08-17T13:41:46+00:00","breadcrumb":{"@id":"https:\/\/salvemhortalleida.cat\/?page_id=79#breadcrumb"},"inLanguage":"ca","potentialAction":[{"@type":"ReadAction","target":["https:\/\/salvemhortalleida.cat\/?page_id=79"]}]},{"@type":"BreadcrumbList","@id":"https:\/\/salvemhortalleida.cat\/?page_id=79#breadcrumb","itemListElement":[{"@type":"ListItem","position":1,"name":"Inici","item":"https:\/\/salvemhortalleida.cat\/"},{"@type":"ListItem","position":2,"name":"MAT Alcarr\u00e1s Lleida"}]},{"@type":"WebSite","@id":"https:\/\/salvemhortalleida.cat\/#website","url":"https:\/\/salvemhortalleida.cat\/","name":"Salvem l&#039;Horta de Lleida","description":"Es salvar Lleida !!!","publisher":{"@id":"https:\/\/salvemhortalleida.cat\/#organization"},"potentialAction":[{"@type":"SearchAction","target":{"@type":"EntryPoint","urlTemplate":"https:\/\/salvemhortalleida.cat\/?s={search_term_string}"},"query-input":{"@type":"PropertyValueSpecification","valueRequired":true,"valueName":"search_term_string"}}],"inLanguage":"ca"},{"@type":"Organization","@id":"https:\/\/salvemhortalleida.cat\/#organization","name":"Salvem l'Horta de Lleida","url":"https:\/\/salvemhortalleida.cat\/","logo":{"@type":"ImageObject","inLanguage":"ca","@id":"https:\/\/salvemhortalleida.cat\/#\/schema\/logo\/image\/","url":"http:\/\/salvemhortalleida.cat\/wp-content\/uploads\/2022\/08\/cropped-WhatsApp-Image-2022-07-28-at-11.19.36.jpeg","contentUrl":"http:\/\/salvemhortalleida.cat\/wp-content\/uploads\/2022\/08\/cropped-WhatsApp-Image-2022-07-28-at-11.19.36.jpeg","width":512,"height":512,"caption":"Salvem l'Horta de Lleida"},"image":{"@id":"https:\/\/salvemhortalleida.cat\/#\/schema\/logo\/image\/"},"sameAs":["https:\/\/www.facebook.com\/profile.php?id=100084390865993","https:\/\/x.com\/Slvmhortalleida","https:\/\/www.instagram.com\/salvemhortalleida\/"]}]}},"_links":{"self":[{"href":"https:\/\/salvemhortalleida.cat\/index.php?rest_route=\/wp\/v2\/pages\/79","targetHints":{"allow":["GET"]}}],"collection":[{"href":"https:\/\/salvemhortalleida.cat\/index.php?rest_route=\/wp\/v2\/pages"}],"about":[{"href":"https:\/\/salvemhortalleida.cat\/index.php?rest_route=\/wp\/v2\/types\/page"}],"author":[{"embeddable":true,"href":"https:\/\/salvemhortalleida.cat\/index.php?rest_route=\/wp\/v2\/users\/1"}],"replies":[{"embeddable":true,"href":"https:\/\/salvemhortalleida.cat\/index.php?rest_route=%2Fwp%2Fv2%2Fcomments&post=79"}],"version-history":[{"count":3,"href":"https:\/\/salvemhortalleida.cat\/index.php?rest_route=\/wp\/v2\/pages\/79\/revisions"}],"predecessor-version":[{"id":87,"href":"https:\/\/salvemhortalleida.cat\/index.php?rest_route=\/wp\/v2\/pages\/79\/revisions\/87"}],"wp:attachment":[{"href":"https:\/\/salvemhortalleida.cat\/index.php?rest_route=%2Fwp%2Fv2%2Fmedia&parent=79"}],"curies":[{"name":"wp","href":"https:\/\/api.w.org\/{rel}","templated":true}]}}